{"id":28640,"date":"2017-02-16T09:16:27","date_gmt":"2017-02-16T09:16:27","guid":{"rendered":"http:\/\/mxajfmgl.preview.infomaniak.website\/?page_id=38"},"modified":"2022-07-15T17:10:12","modified_gmt":"2022-07-15T15:10:12","slug":"aanbod","status":"publish","type":"page","link":"https:\/\/heartsdesire.eu\/nederlands\/aanbod\/","title":{"rendered":"AANBOD"},"content":{"rendered":"<p>[et_pb_section fb_built=&#8221;1&#8243; next_background_color=&#8221;#ffffff&#8221; admin_label=&#8221;Hero&#8221; _builder_version=&#8221;4.17.3&#8243; _module_preset=&#8221;default&#8221; use_background_color_gradient=&#8221;on&#8221; background_color_gradient_type=&#8221;circular&#8221; background_color_gradient_stops=&#8221;rgba(255,172,56,0.5) 0%|rgba(224,43,32,0.5) 100%&#8221; background_color_gradient_overlays_image=&#8221;on&#8221; background_color_gradient_start=&#8221;#283d4b&#8221; background_color_gradient_end=&#8221;rgba(128,103,79,0.5)&#8221; background_image=&#8221;https:\/\/heartsdesire.eu\/wp-content\/uploads\/2021\/07\/e0ahdsenmdg.jpg&#8221; custom_margin=&#8221;|||&#8221; custom_padding=&#8221;6vw||100px||false|false&#8221; bottom_divider_style=&#8221;mountains2&#8243; bottom_divider_repeat=&#8221;0.5x&#8221; bottom_divider_flip=&#8221;horizontal|vertical&#8221; locked=&#8221;off&#8221; global_colors_info=&#8221;{}&#8221;][et_pb_row _builder_version=&#8221;4.16&#8243; _module_preset=&#8221;default&#8221; custom_margin=&#8221;|||&#8221; custom_padding=&#8221;27px|0px|0|0px|false|false&#8221; global_colors_info=&#8221;{}&#8221;][et_pb_column type=&#8221;4_4&#8243; _builder_version=&#8221;4.16&#8243; _module_preset=&#8221;default&#8221; custom_padding=&#8221;|||&#8221; global_colors_info=&#8221;{}&#8221; custom_padding__hover=&#8221;|||&#8221;][et_pb_text _builder_version=&#8221;4.17.3&#8243; _module_preset=&#8221;default&#8221; text_font=&#8221;||||||||&#8221; header_font=&#8221;|700|||||||&#8221; header_font_size=&#8221;77px&#8221; header_line_height=&#8221;1.4em&#8221; header_2_font=&#8221;Josefin Sans||||||||&#8221; header_2_text_color=&#8221;rgba(255,255,255,0.6)&#8221; header_2_font_size=&#8221;32px&#8221; header_2_line_height=&#8221;1.4em&#8221; background_layout=&#8221;dark&#8221; animation_style=&#8221;slide&#8221; animation_direction=&#8221;right&#8221; animation_intensity_slide=&#8221;4%&#8221; header_font_size_tablet=&#8221;50px&#8221; header_font_size_phone=&#8221;32px&#8221; header_font_size_last_edited=&#8221;on|desktop&#8221; header_2_font_size_tablet=&#8221;&#8221; header_2_font_size_phone=&#8221;24px&#8221; header_2_font_size_last_edited=&#8221;on|phone&#8221; global_colors_info=&#8221;{}&#8221;]<\/p>\n<h1 style=\"text-align: center;\">DIT BIED IK JOU<\/h1>\n<p>[\/et_pb_text][\/et_pb_column][\/et_pb_row][\/et_pb_section][et_pb_section fb_built=&#8221;1&#8243; admin_label=&#8221;section&#8221; _builder_version=&#8221;4.16&#8243; custom_padding=&#8221;0px|0px|0px|0px&#8221; transparent_background=&#8221;off&#8221; make_fullwidth=&#8221;off&#8221; use_custom_width=&#8221;off&#8221; width_unit=&#8221;off&#8221; custom_width_px=&#8221;1080px&#8221; custom_width_percent=&#8221;80%&#8221; global_colors_info=&#8221;{}&#8221; locked=&#8221;off&#8221;][et_pb_row _builder_version=&#8221;4.16&#8243; _module_preset=&#8221;default&#8221; global_colors_info=&#8221;{}&#8221;][et_pb_column type=&#8221;4_4&#8243; _builder_version=&#8221;4.16&#8243; _module_preset=&#8221;default&#8221; global_colors_info=&#8221;{}&#8221;][et_pb_accordion _builder_version=&#8221;4.17.3&#8243; _module_preset=&#8221;default&#8221; global_colors_info=&#8221;{}&#8221;][et_pb_accordion_item title=&#8221;Empty toggle&#8221; open=&#8221;off&#8221; _builder_version=&#8221;4.17.3&#8243; _module_preset=&#8221;default&#8221; custom_css_main_element=&#8221;display: none;&#8221; global_colors_info=&#8221;{}&#8221;]<\/p>\n<p>Not displayed!<\/p>\n<p>[\/et_pb_accordion_item][et_pb_accordion_item title=&#8221;Hypnose&#8221; _builder_version=&#8221;4.17.3&#8243; _module_preset=&#8221;default&#8221; global_colors_info=&#8221;{}&#8221; open=&#8221;off&#8221;]<\/p>\n<p>Hypnose is een wonderlijke staat van ontspanning waarin ons dagbewustzijn wat naar de achtergrond verdwijnt en de deur openzet voor directe communicatie met ons onderbewustzijn. En dan gebeurt het wonderlijke: dankzij dit contact met ons onderbewustzijn, waar al onze ervaringswaarden, gevoelens en ervaringen liggen opgeslagen, is het mogelijk om oude probleemstructuren bloot te leggen en te doorbreken, emoties te desensibiliseren en nieuwe, gewenste gevoelens, vermogens en gedragspatronen te verankeren. Het is een prachtige manier om je leven een nieuwe richting te geven, vrij van oude lasten en onnodige ballast.<br \/>Ik kan u de volgende hypnose methodes aanbieden:<\/p>\n<p><strong><span style=\"text-decoration: underline;\">OMNI Hypnose<\/span><\/strong><br \/>In 1979 richtte Gerald (Jerry) F. Kein het OMNI Hypnosis Training Center op in Florida, USA. Jerry leerde de hypnose techniek rechtstreeks van de bekende hypnotiseur Dave Elman. Jerry verfijnde en voegde toe aan Dave Elman&#8217;s methodes.<\/p>\n<p><span style=\"text-decoration: underline;\"><strong>QHHT (Quantum Hypnose Helingstechniek)\/ BQH (Beyond Quantum Hypnosis)<\/strong><\/span><br \/>Ontwikkeld door Dolores Cannon in de late jaren &#8217;60, begon QHHT als een experimentele poging om iemands lichaam en de wereld waarin het zich bevindt te veranderen door middel van hypnose. Door middel van hypnose, opent de QHHT beoefenaar de cli\u00ebnt naar zijn onderbewustzijn. Het onderbewustzijn, ontdekt door QHHT, biedt visioenen uit de vorige levens van de cli\u00ebnt. Deze vorige levens vormen het concept zelf van de onderbewuste geest.<br \/>Dit proces wordt Past Life Regression genoemd. In de loop van een sessie neemt de QHHT-beoefenaar de cli\u00ebnt mee door een of meer vorige levens en laat de cli\u00ebnt verschillende segmenten van die levens ervaren, vaak inclusief de sterfsc\u00e8ne zelf.<br \/>QHHT is een methode die directe communicatie tot stand brengt met het onderbewustzijn. Het resultaat is een oneindig uitgebreide kennis van zichzelf en de basis voor een complexe en veelgelaagde helingstechniek.<br \/>Omdat QHHT een strikt script voorschrijft en de sessies in persoon moeten plaatsvinden, besloten enkele QHHT-aanhangers een vrijere versie te ontwikkelen waarin andere geneeswijzen kunnen worden ge\u00efntegreerd en die via videogesprekken kan worden uitgevoerd. Zij noemden deze methode BQH.\u00a0<\/p>\n<p>[\/et_pb_accordion_item][et_pb_accordion_item title=&#8221;Energy Healing&#8221; _builder_version=&#8221;4.17.3&#8243; _module_preset=&#8221;default&#8221; global_colors_info=&#8221;{}&#8221; open=&#8221;off&#8221;]<\/p>\n<p><span style=\"text-decoration: underline;\"><strong>Energie genezing op afstand online<\/strong><\/span><br \/>In een online sessie van ongeveer 50 minuten, beschrijf je me eerst je situatie en de gebieden binnen of buiten je lichaam waar mijn energie je kan ondersteunen.\u00a0Dan gaan we beiden in meditatie, jij concentreert je op het ontvangen van de energie en ik op het zenden ervan. Tenslotte praten we over onze ervaringen met de energie-uitwisseling.<\/p>\n<p><span style=\"text-decoration: underline;\"><strong>Energie genezing op afstand offline<\/strong><\/span><br \/>Als u liever alleen energie ontvangt, kunt u een e-mail sturen met meer informatie. Ik zal je laten weten wanneer ik je de energie kan sturen.<\/p>\n<p>[\/et_pb_accordion_item][et_pb_accordion_item title=&#8221;Rife Frequentie Therapie&#8221; _builder_version=&#8221;4.17.3&#8243; _module_preset=&#8221;default&#8221; global_colors_info=&#8221;{}&#8221; open=&#8221;on&#8221;]<\/p>\n<p>Als Rife Frequentie Therapeut bedien ik een Rife Machine die ziekten en symptomen van vele aandoeningen kan behandelen.<\/p>\n<p>De Rife Machine, ontwikkeld door Dr. Royal Rife, is een frequentiegenerator die ontworpen is om de natuurlijke regeneratie van cellen in het menselijk lichaam te ondersteunen door frequentiegolven te genereren die compatibel zijn met de behoeften van de cellen. Bij de geboorte hebben de cellen een specifieke of &#8220;normale&#8221; frequentie van welzijn. Echter, als gevolg van mentale, emotionele of fysieke trauma&#8217;s of chemische toxines (intern en extern, met inbegrip van synthetische cosmetica en farmaceutische geneesmiddelen), daalt de frequentie tot de cut-off frequentie van vitaal belang voor ziekteverwekkers, dat wil zeggen virussen, bacteri\u00ebn, schimmels, parasieten, enz. Deze ziekteverwekkers voelen zich nu welkom en vestigen zich in de cellen &#8211; dit is het begin van ziekte en malaise. Het Rife apparaat heeft specifieke codes voor honderden verschillende ziekten en natuurlijke frequenties van organen en lichaamsdelen om het natuurlijke genezingsvermogen van het lichaam te ondersteunen en de terugkeer van het lichaam naar de &#8220;normale&#8221; frequentie en gezondheid en welzijn te vergemakkelijken.<\/p>\n<p>[\/et_pb_accordion_item][et_pb_accordion_item title=&#8221;Consultancy \/ Coaching \/ Inspiratie&#8221; _builder_version=&#8221;4.16&#8243; _module_preset=&#8221;default&#8221; global_colors_info=&#8221;{}&#8221; open=&#8221;off&#8221;]<\/p>\n<p>Consultancy<\/p>\n<p>Coaching<\/p>\n<p>Inspiratie<\/p>\n<p>&nbsp;<\/p>\n<p>[\/et_pb_accordion_item][\/et_pb_accordion][\/et_pb_column][\/et_pb_row][\/et_pb_section]<\/p>\n","protected":false},"excerpt":{"rendered":"<p>DIT BIED IK JOUNot displayed!Hypnose is een wonderlijke staat van ontspanning waarin ons dagbewustzijn wat naar de achtergrond verdwijnt en de deur openzet voor directe communicatie met ons onderbewustzijn. En dan gebeurt het wonderlijke: dankzij dit contact met ons onderbewustzijn, waar al onze ervaringswaarden, gevoelens en ervaringen liggen opgeslagen, is het mogelijk om oude probleemstructuren [&hellip;]<\/p>\n","protected":false},"author":1,"featured_media":0,"parent":0,"menu_order":0,"comment_status":"closed","ping_status":"closed","template":"","meta":{"_et_pb_use_builder":"on","_et_pb_old_content":"","_et_gb_content_width":"","footnotes":""},"class_list":["post-28640","page","type-page","status-publish","hentry"],"_links":{"self":[{"href":"https:\/\/heartsdesire.eu\/nederlands\/wp-json\/wp\/v2\/pages\/28640","targetHints":{"allow":["GET"]}}],"collection":[{"href":"https:\/\/heartsdesire.eu\/nederlands\/wp-json\/wp\/v2\/pages"}],"about":[{"href":"https:\/\/heartsdesire.eu\/nederlands\/wp-json\/wp\/v2\/types\/page"}],"author":[{"embeddable":true,"href":"https:\/\/heartsdesire.eu\/nederlands\/wp-json\/wp\/v2\/users\/1"}],"replies":[{"embeddable":true,"href":"https:\/\/heartsdesire.eu\/nederlands\/wp-json\/wp\/v2\/comments?post=28640"}],"version-history":[{"count":5,"href":"https:\/\/heartsdesire.eu\/nederlands\/wp-json\/wp\/v2\/pages\/28640\/revisions"}],"predecessor-version":[{"id":29052,"href":"https:\/\/heartsdesire.eu\/nederlands\/wp-json\/wp\/v2\/pages\/28640\/revisions\/29052"}],"wp:attachment":[{"href":"https:\/\/heartsdesire.eu\/nederlands\/wp-json\/wp\/v2\/media?parent=28640"}],"curies":[{"name":"wp","href":"https:\/\/api.w.org\/{rel}","templated":true}]}}